{"id":76,"date":"2019-02-20T08:35:27","date_gmt":"2019-02-20T08:35:27","guid":{"rendered":"http:\/\/reckell.com\/?page_id=76"},"modified":"2025-01-08T19:49:43","modified_gmt":"2025-01-08T19:49:43","slug":"presentation","status":"publish","type":"page","link":"https:\/\/www.reckell.com\/?page_id=76","title":{"rendered":"Pr\u00e9sentation"},"content":{"rendered":"<div  data-label=\"Content\" data-id=\"content--1\" data-export-id=\"content-7-mc\" data-category=\"content\" class=\"content-7-mc content-section content-section-spacing\" id=\"content-1\" style=\"background-color: rgb(255, 255, 255); background-image: none;\"><div  class=\"gridContainer\"> <div  class=\"row middle-sm\"><div  class=\"col-sm-6 space-bottom-xs\" data-type=\"column\">  <h3  class=\"\"><span  style=\"font-family: arial, helvetica, sans-serif; font-weight: 600;\">Pr\u00e9sentation<\/span><\/h3><p  class=\"\" style=\"text-align: justify;\"><span  style=\"font-family: arial, helvetica, sans-serif; color: rgb(0, 0, 0);\">Reckell\u00ae est une entreprise de conseil en Management des Achats &amp; Gestion de Projets cr\u00e9\u00e9e en 2019. Le dirigeant a une formation d\u2019ing\u00e9nieur compl\u00e9t\u00e9e par une sp\u00e9cialisation en achats. Il est dipl\u00f4m\u00e9 de l\u2019INSA Lyon et de l\u2019\u00e9cole de Management de Bordeaux. Il a 17 ans d\u2019exp\u00e9rience dans l\u2019industrie \u00e0 des postes op\u00e9rationnels et de management en achats et en industrialisation en France et \u00e0 l\u2019international dans des secteurs vari\u00e9s: automobile, ferroviaire, a\u00e9ronautique, maritime, p\u00e9trole &amp; gaz et nucl\u00e9aire.<\/span><\/p> <\/div> <div  class=\"col-sm-6\" data-type=\"column\"> <img  decoding=\"async\" class=\"shadow-large\" src=\"https:\/\/www.reckell.com\/wp-content\/uploads\/2019\/02\/cropped-Visio-e1550870675710-8.jpeg\" title=\"cropped-Visio-e1550870675710-8.jpeg\" alt=\"\"><\/div> <\/div><\/div> <\/div>","protected":false},"excerpt":{"rendered":"<p>Pr\u00e9sentationReckell\u00ae est une entreprise de conseil en Management des Achats &amp; Gestion de Projets cr\u00e9\u00e9e en 2019. Le dirigeant a une formation d\u2019ing\u00e9nieur compl\u00e9t\u00e9e par une sp\u00e9cialisation en achats. Il est dipl\u00f4m\u00e9 de l\u2019INSA Lyon et de l\u2019\u00e9cole de Management de Bordeaux. Il a 17 ans d\u2019exp\u00e9rience dans l\u2019industrie \u00e0 des postes op\u00e9rationnels et de&hellip; <br \/> <a class=\"read-more\" href=\"https:\/\/www.reckell.com\/?page_id=76\">Lire la suite<\/a><\/p>\n","protected":false},"author":1,"featured_media":183,"parent":308,"menu_order":1,"comment_status":"closed","ping_status":"closed","template":"pro\/page-templates\/page-with-small-header.php","meta":{"footnotes":""},"class_list":["post-76","page","type-page","status-publish","has-post-thumbnail","hentry"],"aioseo_notices":[],"_links":{"self":[{"href":"https:\/\/www.reckell.com\/index.php?rest_route=\/wp\/v2\/pages\/76"}],"collection":[{"href":"https:\/\/www.reckell.com\/index.php?rest_route=\/wp\/v2\/pages"}],"about":[{"href":"https:\/\/www.reckell.com\/index.php?rest_route=\/wp\/v2\/types\/page"}],"author":[{"embeddable":true,"href":"https:\/\/www.reckell.com\/index.php?rest_route=\/wp\/v2\/users\/1"}],"replies":[{"embeddable":true,"href":"https:\/\/www.reckell.com\/index.php?rest_route=%2Fwp%2Fv2%2Fcomments&post=76"}],"version-history":[{"count":23,"href":"https:\/\/www.reckell.com\/index.php?rest_route=\/wp\/v2\/pages\/76\/revisions"}],"predecessor-version":[{"id":824,"href":"https:\/\/www.reckell.com\/index.php?rest_route=\/wp\/v2\/pages\/76\/revisions\/824"}],"up":[{"embeddable":true,"href":"https:\/\/www.reckell.com\/index.php?rest_route=\/wp\/v2\/pages\/308"}],"wp:featuredmedia":[{"embeddable":true,"href":"https:\/\/www.reckell.com\/index.php?rest_route=\/wp\/v2\/media\/183"}],"wp:attachment":[{"href":"https:\/\/www.reckell.com\/index.php?rest_route=%2Fwp%2Fv2%2Fmedia&parent=76"}],"curies":[{"name":"wp","href":"https:\/\/api.w.org\/{rel}","templated":true}]}}